{"id":203,"date":"2016-09-07T13:36:33","date_gmt":"2016-09-07T13:36:33","guid":{"rendered":"http:\/\/teamplatino.com\/blog\/?page_id=203"},"modified":"2016-09-07T13:38:44","modified_gmt":"2016-09-07T13:38:44","slug":"ejemplos-de-proyectos-web-y-tipos-de-nicho","status":"publish","type":"page","link":"https:\/\/teamplatino.com\/blog\/ejemplos-de-proyectos-web-y-tipos-de-nicho\/","title":{"rendered":"Ejemplos de proyectos web y tipos de nicho"},"content":{"rendered":"<p>\u00a1Muy buenas! Desde TeamPlatino nos centramos en ense\u00f1ar a nuestros estudiantes los distintos tipos de proyectos que pueden desarrollar online. Conocer bien los l\u00edmites y caracter\u00edsticas de cada uno puede ayudarte a seleccionar bien los nichos que deseas trabajar y augurar bien las ganancias y el tiempo que necesitar\u00e1s para lograrlas.<\/p>\n<p>En este breve art\u00edculo os vamos a ense\u00f1ar los distintos tipos de proyectos que existen y c\u00f3mo los llamamos, tambi\u00e9n os citaremos ejemplos que <strong>puedes encontrar en el propio Google<\/strong> y que cumplen las caracter\u00edsticas de cada modelo de trabajo.<\/p>\n<p><strong>Micronichos<\/strong><\/p>\n<p>Llamamos micronichos a p\u00e1ginas webs o blogs que se centran en nichos muy peque\u00f1os, como por ejemplo un tipo de pegatina, un tipo de operaci\u00f3n est\u00e9tica, un modelo de c\u00e1mara digital moderna, etc. Este tipo de proyectos tienen como objetivo captar toda la atenci\u00f3n de la gente que est\u00e1 interesada en ese peque\u00f1o nicho, y monetizarlo ofreciendo informaci\u00f3n de calidad. <a href=\"https:\/\/www.facebook.com\/\">Suelen compartirse mucho por Facebook<\/a> y otras redes sociales, pero su principal fuente de tr\u00e1fico no es Facebook, sino Google. <strong>Un ejemplo de micronicho<\/strong> es <a href=\"http:\/\/www.sj4000wifi.es\">http:\/\/www.sj4000wifi.es<\/a>\u00a0sobre un modelo de c\u00e1mara que est\u00e1 de moda y en cuya web se han centrado en dar informaci\u00f3n total sobre ella.<\/p>\n<h3>Meganichos<\/h3>\n<p>Los meganichos son p\u00e1ginas web o blogs centradas en palabras clave o nichos que tienen muchas, muchas b\u00fasquedas, como por ejemplo significados, nombres, colores, sue\u00f1os, chistes, humor, im\u00e1genes, v\u00eddeos, etc. Debes crear webs centradas en dar mucha informaci\u00f3n de calidad sobre dichas tem\u00e1ticas, y que la experiencia de tantos miles de visitantes sea positiva. Este tipo de meganichos suelen <strong>tener mucho tr\u00e1fico social y de Facebook<\/strong>, pero en gran medida se basan en la cantidad millonaria de b\u00fasquedas en Google. Un ejemplo de meganicho es\u00a0<a href=\"http:\/\/www.como-hackear.com\/facebook\/\">http:\/\/www.como-hackear.com\/facebook\/<\/a>\u00a0sobre informaci\u00f3n de hacking \u00e9tico para informar a las personas que est\u00e1n interesadas en hackear cuentas de <strong>facebook<\/strong>. La web ofrece informaci\u00f3n de calidad al respecto e intenta dar la respuesta a las dudas de las personas que buscan eso en Google.<\/p>\n<h2>Multinichos<\/h2>\n<p>Los multinichos son proyectos similares a los micronichos, pero centrados en un nicho m\u00e1s polivalente y variado. Por ejemplo puedes crear un nicho de chupetes, y lo que haces es trabajar un mont\u00f3n de keywords relacionadas con los chupetes y que <strong>podr\u00edas considerar a su vez micro-micronichos<\/strong>, por ejemplo: chupetes de coraz\u00f3n, chupetes con luces, chupetes de Facebook, chupetes con caras, etc. Un ejemplo de nicho de tipo multinicho es <a href=\"http:\/\/www.chupetemania.com\/\">http:\/\/www.chupetemania.com\/<\/a>\u00a0centrado casi en exclusiva en la venta de chupetes de todos tipos.<\/p>\n<h3>Startups<\/h3>\n<p>Este tipo de proyectos web son muy variados. Puedes vender un servicio web, por ejemplo asesor\u00eda, o puedes vender dise\u00f1o web, likes, visitas, lo que sea. <strong>Chuiso, cofundador de TeamPlatino<\/strong> mostr\u00f3 <a href=\"http:\/\/comprarvisitas.net\/\">su startup Comprarvisitas.net<\/a> en el curso. En esta web vende visitas para Youtube, likes, followers, seguidores, de todo para todas las redes sociales: Twitter, Instagram, Youtube, etc.<\/p>\n<h3>E-commerces<\/h3>\n<p>Por \u00faltimo un ecommerce (ya sea formato tradicional, teniendo el producto, o dropshipping, siendo una especie de intermediario o comercial) es otra opci\u00f3n muy favorable para ganar dinero.<\/p>\n<p>S\u00ed es cierto que hay otros modelos de negocio muy rentables como la afiliaci\u00f3n, pero eso lo veremos en un pr\u00f3ximo art\u00edculo \ud83d\ude09 \u00a1Hasta la pr\u00f3xima teamplatineros!<\/p>\n<p>&nbsp;<\/p>\n","protected":false},"excerpt":{"rendered":"<p>\u00a1Muy buenas! Desde TeamPlatino nos centramos en ense\u00f1ar a nuestros estudiantes los distintos tipos de proyectos que pueden desarrollar online. Conocer bien los l\u00edmites y caracter\u00edsticas de cada uno puede ayudarte a seleccionar bien los nichos que deseas trabajar y augurar bien las ganancias y el tiempo que necesitar\u00e1s para lograrlas. En este breve art\u00edculo os vamos a ense\u00f1ar los distintos tipos de proyectos que existen y c\u00f3mo los llamamos, tambi\u00e9n os citaremos ejemplos que puedes encontrar en el propio (&#46;&#46;&#46;)<\/p>\n","protected":false},"author":1,"featured_media":67,"parent":0,"menu_order":0,"comment_status":"closed","ping_status":"closed","template":"","meta":[],"yoast_head":"<!-- This site is optimized with the Yoast SEO plugin v20.12 - https:\/\/yoast.com\/wordpress\/plugins\/seo\/ -->\n<title>Ejemplos de proyectos web y tipos de nicho<\/title>\n<meta name=\"description\" content=\"\u00a1Muy buenas! Desde TeamPlatino nos centramos en ense\u00f1ar a nuestros estudiantes los distintos tipos de proyectos que pueden desarrollar online. Conocer\" \/>\n<meta name=\"robots\" content=\"index, follow, max-snippet:-1, max-image-preview:large, max-video-preview:-1\" \/>\n<link rel=\"canonical\" href=\"https:\/\/teamplatino.com\/blog\/ejemplos-de-proyectos-web-y-tipos-de-nicho\/\" \/>\n<meta property=\"og:locale\" content=\"es_ES\" \/>\n<meta property=\"og:type\" content=\"article\" \/>\n<meta property=\"og:title\" content=\"Ejemplos de proyectos web y tipos de nicho\" \/>\n<meta property=\"og:description\" content=\"\u00a1Muy buenas! Desde TeamPlatino nos centramos en ense\u00f1ar a nuestros estudiantes los distintos tipos de proyectos que pueden desarrollar online. Conocer\" \/>\n<meta property=\"og:url\" content=\"https:\/\/teamplatino.com\/blog\/ejemplos-de-proyectos-web-y-tipos-de-nicho\/\" \/>\n<meta property=\"og:site_name\" content=\"TeamPlatino\" \/>\n<meta property=\"article:publisher\" content=\"https:\/\/www.facebook.com\/pages\/category\/Community\/TeamPlatino-758266430932785\/\" \/>\n<meta property=\"article:modified_time\" content=\"2016-09-07T13:38:44+00:00\" \/>\n<meta property=\"og:image\" content=\"https:\/\/teamplatino.com\/blog\/wp-content\/uploads\/2013\/12\/comenzamos2.jpg\" \/>\n\t<meta property=\"og:image:width\" content=\"655\" \/>\n\t<meta property=\"og:image:height\" content=\"390\" \/>\n\t<meta property=\"og:image:type\" content=\"image\/jpeg\" \/>\n<meta name=\"twitter:card\" content=\"summary_large_image\" \/>\n<meta name=\"twitter:site\" content=\"@TeamPlatino\" \/>\n<meta name=\"twitter:label1\" content=\"Tiempo de lectura\" \/>\n\t<meta name=\"twitter:data1\" content=\"3 minutos\" \/>\n<script type=\"application\/ld+json\" class=\"yoast-schema-graph\">{\"@context\":\"https:\/\/schema.org\",\"@graph\":[{\"@type\":\"WebPage\",\"@id\":\"https:\/\/teamplatino.com\/blog\/ejemplos-de-proyectos-web-y-tipos-de-nicho\/\",\"url\":\"https:\/\/teamplatino.com\/blog\/ejemplos-de-proyectos-web-y-tipos-de-nicho\/\",\"name\":\"Ejemplos de proyectos web y tipos de nicho\",\"isPartOf\":{\"@id\":\"https:\/\/teamplatino.com\/blog\/#website\"},\"datePublished\":\"2016-09-07T13:36:33+00:00\",\"dateModified\":\"2016-09-07T13:38:44+00:00\",\"description\":\"\u00a1Muy buenas! Desde TeamPlatino nos centramos en ense\u00f1ar a nuestros estudiantes los distintos tipos de proyectos que pueden desarrollar online. Conocer\",\"breadcrumb\":{\"@id\":\"https:\/\/teamplatino.com\/blog\/ejemplos-de-proyectos-web-y-tipos-de-nicho\/#breadcrumb\"},\"inLanguage\":\"es\",\"potentialAction\":[{\"@type\":\"ReadAction\",\"target\":[\"https:\/\/teamplatino.com\/blog\/ejemplos-de-proyectos-web-y-tipos-de-nicho\/\"]}]},{\"@type\":\"BreadcrumbList\",\"@id\":\"https:\/\/teamplatino.com\/blog\/ejemplos-de-proyectos-web-y-tipos-de-nicho\/#breadcrumb\",\"itemListElement\":[{\"@type\":\"ListItem\",\"position\":1,\"name\":\"Portada\",\"item\":\"https:\/\/teamplatino.com\/blog\/\"},{\"@type\":\"ListItem\",\"position\":2,\"name\":\"Ejemplos de proyectos web y tipos de nicho\"}]},{\"@type\":\"WebSite\",\"@id\":\"https:\/\/teamplatino.com\/blog\/#website\",\"url\":\"https:\/\/teamplatino.com\/blog\/\",\"name\":\"TeamPlatino\",\"description\":\"Blog Oficial del Curso Online\",\"publisher\":{\"@id\":\"https:\/\/teamplatino.com\/blog\/#organization\"},\"potentialAction\":[{\"@type\":\"SearchAction\",\"target\":{\"@type\":\"EntryPoint\",\"urlTemplate\":\"https:\/\/teamplatino.com\/blog\/?s={search_term_string}\"},\"query-input\":\"required name=search_term_string\"}],\"inLanguage\":\"es\"},{\"@type\":\"Organization\",\"@id\":\"https:\/\/teamplatino.com\/blog\/#organization\",\"name\":\"TeamPlatino\",\"url\":\"https:\/\/teamplatino.com\/blog\/\",\"logo\":{\"@type\":\"ImageObject\",\"inLanguage\":\"es\",\"@id\":\"https:\/\/teamplatino.com\/blog\/#\/schema\/logo\/image\/\",\"url\":\"http:\/\/teamplatino.com\/blog\/wp-content\/uploads\/2018\/11\/tp.png\",\"contentUrl\":\"http:\/\/teamplatino.com\/blog\/wp-content\/uploads\/2018\/11\/tp.png\",\"width\":1155,\"height\":597,\"caption\":\"TeamPlatino\"},\"image\":{\"@id\":\"https:\/\/teamplatino.com\/blog\/#\/schema\/logo\/image\/\"},\"sameAs\":[\"https:\/\/www.facebook.com\/pages\/category\/Community\/TeamPlatino-758266430932785\/\",\"https:\/\/twitter.com\/TeamPlatino\",\"https:\/\/www.youtube.com\/channel\/UCaeo_oZV19XOX_DMC1YLDWg\"]}]}<\/script>\n<!-- \/ Yoast SEO plugin. -->","yoast_head_json":{"title":"Ejemplos de proyectos web y tipos de nicho","description":"\u00a1Muy buenas! Desde TeamPlatino nos centramos en ense\u00f1ar a nuestros estudiantes los distintos tipos de proyectos que pueden desarrollar online. Conocer","robots":{"index":"index","follow":"follow","max-snippet":"max-snippet:-1","max-image-preview":"max-image-preview:large","max-video-preview":"max-video-preview:-1"},"canonical":"https:\/\/teamplatino.com\/blog\/ejemplos-de-proyectos-web-y-tipos-de-nicho\/","og_locale":"es_ES","og_type":"article","og_title":"Ejemplos de proyectos web y tipos de nicho","og_description":"\u00a1Muy buenas! Desde TeamPlatino nos centramos en ense\u00f1ar a nuestros estudiantes los distintos tipos de proyectos que pueden desarrollar online. Conocer","og_url":"https:\/\/teamplatino.com\/blog\/ejemplos-de-proyectos-web-y-tipos-de-nicho\/","og_site_name":"TeamPlatino","article_publisher":"https:\/\/www.facebook.com\/pages\/category\/Community\/TeamPlatino-758266430932785\/","article_modified_time":"2016-09-07T13:38:44+00:00","og_image":[{"width":655,"height":390,"url":"https:\/\/teamplatino.com\/blog\/wp-content\/uploads\/2013\/12\/comenzamos2.jpg","type":"image\/jpeg"}],"twitter_card":"summary_large_image","twitter_site":"@TeamPlatino","twitter_misc":{"Tiempo de lectura":"3 minutos"},"schema":{"@context":"https:\/\/schema.org","@graph":[{"@type":"WebPage","@id":"https:\/\/teamplatino.com\/blog\/ejemplos-de-proyectos-web-y-tipos-de-nicho\/","url":"https:\/\/teamplatino.com\/blog\/ejemplos-de-proyectos-web-y-tipos-de-nicho\/","name":"Ejemplos de proyectos web y tipos de nicho","isPartOf":{"@id":"https:\/\/teamplatino.com\/blog\/#website"},"datePublished":"2016-09-07T13:36:33+00:00","dateModified":"2016-09-07T13:38:44+00:00","description":"\u00a1Muy buenas! Desde TeamPlatino nos centramos en ense\u00f1ar a nuestros estudiantes los distintos tipos de proyectos que pueden desarrollar online. Conocer","breadcrumb":{"@id":"https:\/\/teamplatino.com\/blog\/ejemplos-de-proyectos-web-y-tipos-de-nicho\/#breadcrumb"},"inLanguage":"es","potentialAction":[{"@type":"ReadAction","target":["https:\/\/teamplatino.com\/blog\/ejemplos-de-proyectos-web-y-tipos-de-nicho\/"]}]},{"@type":"BreadcrumbList","@id":"https:\/\/teamplatino.com\/blog\/ejemplos-de-proyectos-web-y-tipos-de-nicho\/#breadcrumb","itemListElement":[{"@type":"ListItem","position":1,"name":"Portada","item":"https:\/\/teamplatino.com\/blog\/"},{"@type":"ListItem","position":2,"name":"Ejemplos de proyectos web y tipos de nicho"}]},{"@type":"WebSite","@id":"https:\/\/teamplatino.com\/blog\/#website","url":"https:\/\/teamplatino.com\/blog\/","name":"TeamPlatino","description":"Blog Oficial del Curso Online","publisher":{"@id":"https:\/\/teamplatino.com\/blog\/#organization"},"potentialAction":[{"@type":"SearchAction","target":{"@type":"EntryPoint","urlTemplate":"https:\/\/teamplatino.com\/blog\/?s={search_term_string}"},"query-input":"required name=search_term_string"}],"inLanguage":"es"},{"@type":"Organization","@id":"https:\/\/teamplatino.com\/blog\/#organization","name":"TeamPlatino","url":"https:\/\/teamplatino.com\/blog\/","logo":{"@type":"ImageObject","inLanguage":"es","@id":"https:\/\/teamplatino.com\/blog\/#\/schema\/logo\/image\/","url":"http:\/\/teamplatino.com\/blog\/wp-content\/uploads\/2018\/11\/tp.png","contentUrl":"http:\/\/teamplatino.com\/blog\/wp-content\/uploads\/2018\/11\/tp.png","width":1155,"height":597,"caption":"TeamPlatino"},"image":{"@id":"https:\/\/teamplatino.com\/blog\/#\/schema\/logo\/image\/"},"sameAs":["https:\/\/www.facebook.com\/pages\/category\/Community\/TeamPlatino-758266430932785\/","https:\/\/twitter.com\/TeamPlatino","https:\/\/www.youtube.com\/channel\/UCaeo_oZV19XOX_DMC1YLDWg"]}]}},"_links":{"self":[{"href":"https:\/\/teamplatino.com\/blog\/wp-json\/wp\/v2\/pages\/203"}],"collection":[{"href":"https:\/\/teamplatino.com\/blog\/wp-json\/wp\/v2\/pages"}],"about":[{"href":"https:\/\/teamplatino.com\/blog\/wp-json\/wp\/v2\/types\/page"}],"author":[{"embeddable":true,"href":"https:\/\/teamplatino.com\/blog\/wp-json\/wp\/v2\/users\/1"}],"replies":[{"embeddable":true,"href":"https:\/\/teamplatino.com\/blog\/wp-json\/wp\/v2\/comments?post=203"}],"version-history":[{"count":6,"href":"https:\/\/teamplatino.com\/blog\/wp-json\/wp\/v2\/pages\/203\/revisions"}],"predecessor-version":[{"id":209,"href":"https:\/\/teamplatino.com\/blog\/wp-json\/wp\/v2\/pages\/203\/revisions\/209"}],"wp:featuredmedia":[{"embeddable":true,"href":"https:\/\/teamplatino.com\/blog\/wp-json\/wp\/v2\/media\/67"}],"wp:attachment":[{"href":"https:\/\/teamplatino.com\/blog\/wp-json\/wp\/v2\/media?parent=203"}],"curies":[{"name":"wp","href":"https:\/\/api.w.org\/{rel}","templated":true}]}}